{"id":6278,"date":"2022-04-12T21:43:55","date_gmt":"2022-04-12T21:43:55","guid":{"rendered":"https:\/\/iseb.com.mx\/politica-de-privacidad\/"},"modified":"2023-11-13T02:05:55","modified_gmt":"2023-11-13T02:05:55","slug":"politica-de-privacidad","status":"publish","type":"page","link":"https:\/\/iseb.com.mx\/es\/politica-de-privacidad\/","title":{"rendered":"Pol\u00edtica de privacidad"},"content":{"rendered":"\n<p><strong>\u00daltima actualizaci\u00f3n: 19-Oct-2023<br\/><br\/>Fecha de entrada en vigor 18-Oct-2023<\/strong><\/p>\n\n<p>Esta pol\u00edtica de privacidad describe las pol\u00edticas de<\/p>\n\n<p>JOSE RAUL DE ALBA AQUINO,<br\/>Jard\u00edn de las carretas 54,<br\/>Zapopan, Jalisco,<br\/>45136,<br\/>M\u00e9xico,<br\/>Correo electr\u00f3nico: <span \n                data-original-string='RJJUIAfhcmXcg9cBO2zs0Q==deeWa40KrIOEJ6RctNtCwCVL5DD3h7nKoVNiZEpSVZJkYY='\n                class='apbct-email-encoder'\n                title='Este contacto ha sido codificado por Anti-Spam by CleanTalk. Haz clic para decodificar. Para finalizar la decodificaci\u00f3n, aseg\u00farate de que JavaScript est\u00e1 activado en tu navegador.'>ad<span class=\"apbct-blur\">***<\/span>@<span class=\"apbct-blur\">******<\/span>om.mx<\/span>,<br\/>tel\u00e9fono: +523318928006<br\/><br\/>Denominada como \u00abISEB &#8211; Servicios Integrales para Negocios Electr\u00f3nicos\u00bb en t\u00e9rminos de imagen en este sitio y por su representaci\u00f3n en la siguiente pol\u00edtica de privacidad, usa y protege la informaci\u00f3n que es proporcionada por sus usuarios al momento de utilizar el sitio web. <\/p>\n\n<p>Sobre la recolecci\u00f3n, uso y divulgaci\u00f3n de la informaci\u00f3n que recopilamos cuando usted utiliza nuestro sitio web (https:\/\/iseb.com.mx). (el \u00abServicio\u00bb). Al acceder o utilizar el Servicio, consientes la recolecci\u00f3n, uso y divulgaci\u00f3n de tu informaci\u00f3n de acuerdo con esta Pol\u00edtica de Privacidad. Si no das tu consentimiento, te rogamos que no accedas al Servicio ni lo utilices.<\/p>\n\n<p>Podemos modificar esta Pol\u00edtica de Privacidad en cualquier momento sin previo aviso y publicaremos la Pol\u00edtica de Privacidad revisada en el Servicio. La Pol\u00edtica revisada entrar\u00e1 en vigor a los 180 d\u00edas de su publicaci\u00f3n en el Servicio y tu acceso o uso del Servicio despu\u00e9s de dicho plazo constituir\u00e1 tu aceptaci\u00f3n de la Pol\u00edtica de Privacidad revisada. Por ello, te recomendamos que revises peri\u00f3dicamente esta p\u00e1gina.<\/p>\n\n<ol class=\"wp-block-list\">\n<li><h2 class=\"privacy-policy-h2\">Informaci\u00f3n que recopilamos:<\/h2><p class=\"privacy-policy-p\">Recopilaremos y procesaremos la siguiente informaci\u00f3n personal sobre tu persona:<\/p>\n<ol class=\"wp-block-list\">\n<li>Nombre<\/li>\n\n\n\n<li>Correo electr\u00f3nico<\/li>\n\n\n\n<li>Celular<\/li>\n\n\n\n<li>Perfil en las redes sociales<\/li>\n\n\n\n<li>Fecha de nacimiento<\/li>\n\n\n\n<li>Direcci\u00f3n<\/li>\n\n\n\n<li>Direcci\u00f3n de trabajo<\/li>\n\n\n\n<li>Informaci\u00f3n de pago<\/li>\n<\/ol>\n<\/li>\n<\/ol>\n\n<p> No a todos los usuarios del sitio web se les recopilan los mismos datos, por ejemplo, direcci\u00f3n, direcci\u00f3n del trabajo, se recopilan si realiza una compra.<\/p>\n\n<ol class=\"wp-block-list\">\n<li><h2 class=\"privacy-policy-h2\">Como recopilamos tu informaci\u00f3n:<\/h2><p class=\"privacy-policy-p\">Recogemos\/recibimos tu informaci\u00f3n de la siguiente manera:<\/p>\n<ol class=\"wp-block-list\">\n<li>Cuando un usuario rellena el formulario, nos env\u00eda un correo electr\u00f3nico con sus datos, encuestas, formulario de registro o env\u00eda informaci\u00f3n personal de cualquier otro modo.<\/li>\n\n\n\n<li>Interact\u00faa con el sitio web<\/li>\n\n\n\n<li>De fuentes p\u00fablicas<\/li>\n<\/ol>\n<\/li>\n\n\n\n<li><h2 class=\"privacy-policy-h2\">Como utilizamos tu informaci\u00f3n:<\/h2><span style=\"font-size: revert; color: var(--ast-global-color-3); background-color: var(--ast-global-color-5);\">Utilizaremos tu informaci\u00f3n que recopilemos<\/span><span style=\"background-color: rgba(75, 79, 88, 0.2); font-size: revert; color: var(--ast-global-color-3);\"> para los siguientes fines:<\/span><span style=\"font-size: revert; color: var(--ast-global-color-3); background-color: var(--ast-global-color-5);\"><\/span> <ol class=\"privacy-policy-ol\"> <li>Marketing\/Promoci\u00f3n<\/li> <li>Crear una cuenta de usuario<\/li> <li>Testimonios<\/li> <li>Recopilaci\u00f3n de opiniones de los clientes<\/li> <li>Aplicar los T&amp;C<\/li> <li>Procesar el pago<\/li> <li>Brindar soporte<\/li> <li>Informaci\u00f3n administrativa<\/li> <li>Publicidad dirigida<\/li> <li>Gestionar los pedidos de los clientes<\/li> <li>Protecci\u00f3n del sitio<\/li> <li>Comentarios entre usuarios<\/li> <li>Resoluci\u00f3n de litigios<\/li> <li>Gestionar la cuenta de usuario<\/li> <\/ol><span style=\"font-size: revert; color: var(--ast-global-color-3); background-color: var(--ast-global-color-5);\">Si deseamos utilizar tus datos para cualquier otro fin<\/span> <span style=\"background-color: rgba(75, 79, 88, 0.2); font-size: revert; color: var(--ast-global-color-3);\">finalidad, te pediremos consentimiento y<\/span> <span style=\"background-color: rgba(75, 79, 88, 0.2); font-size: revert; color: var(--ast-global-color-3);\">utilizaremos tu informaci\u00f3n s\u00f3lo si lo recibimos<\/span><span style=\"background-color: rgba(75, 79, 88, 0.2); font-size: revert; color: var(--ast-global-color-3);\">y, s\u00f3lo para el fin o fines para<\/span> <span style=\"background-color: rgba(75, 79, 88, 0.2); font-size: revert; color: var(--ast-global-color-3);\">que otorgue consentimiento a menos que estemos obligados a hacer<\/span> <span style=\"background-color: rgba(75, 79, 88, 0.2); font-size: revert; color: var(--ast-global-color-3);\">otra cosa por ley.<\/span><span style=\"background-color: rgba(75, 79, 88, 0.2); font-size: revert; color: var(--ast-global-color-3);\"><\/span> <\/li>\n\n\n\n<li> <span style=\"color: var(--ast-global-color-2); font-family: \" playfair=\"\" display=\"\" serif=\"\" font-size:=\"\" background-color:=\"\" var=\"\">Como compartimos tu informaci\u00f3n:<\/span> <p class=\"privacy-policy-p\">No transferiremos tu informaci\u00f3n personal a terceros sin solicitar tu consentimiento, excepto en las circunstancias limitadas que se describen a continuaci\u00f3n:<\/p><ol class=\"privacy-policy-ol\"><li>Anal\u00edtica<\/li> <li>Recopilaci\u00f3n y procesamiento de datos<\/li><\/ol><p class=\"privacy-policy-p\">Exigimos a dichos terceros que utilicen la informaci\u00f3n personal que les transferimos \u00fanicamente para el fin que fue transferida y que no la conserven durante m\u00e1s tiempo del necesario para cumplir dicho fin. Tambi\u00e9n podemos revelar tu informaci\u00f3n personal para lo siguiente: (1) para cumplir con la legislaci\u00f3n aplicable, reglamentos, \u00f3rdenes judiciales u otros procesos legales; (2) para hacer cumplir sus acuerdos con nosotros, incluyendo esta Pol\u00edtica de Privacidad; o (3) para responder a reclamaciones de que tu uso del Servicio viola cualquier derecho de terceros. Si el Servicio o nuestra empresa se fusionan o adquieren con otra empresa, tu informaci\u00f3n ser\u00e1 uno de los activos que se transfieran al nuevo propietario.<\/p><\/li>\n\n\n\n<li> <span style=\"color: var(--ast-global-color-2); font-family: \" playfair=\"\" display=\"\" serif=\"\" font-size:=\"\" background-color:=\"\" var=\"\">Conservaci\u00f3n de tu informaci\u00f3n:<\/span> <p class=\"privacy-policy-p\">Conservaremos informaci\u00f3n personal entre 90 d\u00edas y 2 a\u00f1os despu\u00e9s de que los usuarios cancelen sus cuentas o mientras la necesitemos para cumplir los fines para los que fue recopilada, tal y como se detalla en esta Pol\u00edtica de privacidad. Es posible que necesitemos conservar determinada informaci\u00f3n durante periodos m\u00e1s largos, como el mantenimiento de registros o la elaboraci\u00f3n de informes de conformidad con la legislaci\u00f3n aplicable, o por otros motivos leg\u00edtimos, como el ejercicio de derechos legales, la prevenci\u00f3n del fraude, etc. La informaci\u00f3n an\u00f3nima residual y la informaci\u00f3n agregada, ninguna de las cuales te identifica (directa o indirectamente), pueden almacenarse indefinidamente.<\/p><\/li>\n\n\n\n<li> <span style=\"color: var(--ast-global-color-2); font-family: \" playfair=\"\" display=\"\" serif=\"\" font-size:=\"\" background-color:=\"\" var=\"\">Tus derechos:<\/span><br\/><span style=\"font-size: revert; color: var(--ast-global-color-3); background-color: var(--ast-global-color-5);\">Dependiendo de la ley que se aplique, puedes tener<\/span> <span style=\"background-color: rgba(75, 79, 88, 0.2); font-size: revert; color: var(--ast-global-color-3);\">derecho de acceso y rectificaci\u00f3n o supresi\u00f3n de tus<\/span> <span style=\"background-color: rgba(75, 79, 88, 0.2); font-size: revert; color: var(--ast-global-color-3);\">datos personales o recibir una copia de tus<\/span> <span style=\"background-color: rgba(75, 79, 88, 0.2); font-size: revert; color: var(--ast-global-color-3);\">datos, restringir u oponerte al tratamiento activo de tus datos, pedirnos que compartamos<\/span> <span style=\"background-color: rgba(75, 79, 88, 0.2); font-size: revert; color: var(--ast-global-color-3);\">tus datos personales a otra entidad,<\/span> <span style=\"background-color: rgba(75, 79, 88, 0.2); font-size: revert; color: var(--ast-global-color-3);\">retirar cualquier consentimiento que nos hayas dado para<\/span> <span style=\"background-color: rgba(75, 79, 88, 0.2); font-size: revert; color: var(--ast-global-color-3);\">procesar tus datos, derecho a presentar una reclamaci\u00f3n<\/span> <span style=\"background-color: rgba(75, 79, 88, 0.2); font-size: revert; color: var(--ast-global-color-3);\">con autoridad estatutaria y los dem\u00e1s derechos que puedan corresponderte en virtud de la legislaci\u00f3n aplicable. Para ejercer estos derechos, puedes escribirnos a <span \n                data-original-string='Q0h0mYt8QE0yrmJicgfK\/A==deeZUcH3cOhrvSccaQZ65NFpTUDi\/Qb2KO6ixNsejnqJls='\n                class='apbct-email-encoder'\n                title='Este contacto ha sido codificado por Anti-Spam by CleanTalk. Haz clic para decodificar. Para finalizar la decodificaci\u00f3n, aseg\u00farate de que JavaScript est\u00e1 activado en tu navegador.'>ad<span class=\"apbct-blur\">***<\/span>@<span class=\"apbct-blur\">******<\/span>om.mx<\/span>.<\/span><p class=\"privacy-policy-p\">Ten en cuenta que si no nos permites recopilar o procesar la informaci\u00f3n personal requerida o retiras el consentimiento para procesar la misma para los fines requeridos, es posible que no puedas acceder o utilizar los servicios para los que se utiliz\u00f3 tu informaci\u00f3n.<br\/>se busc\u00f3.<\/p><\/li>\n\n\n\n<li> <span style=\"color: var(--ast-global-color-2); font-family: \" playfair=\"\" display=\"\" serif=\"\" font-size:=\"\" background-color:=\"\" var=\"\">Cookies Etc.<\/span> <p>Para obtener m\u00e1s informaci\u00f3n sobre como las utilizamos y tus opciones en relaci\u00f3n con estas tecnolog\u00edas de rastreo, consulta nuestra<br\/><a href=\"https:\/\/iseb.com.mx\/es\/politica-de-cookies\/\">Pol\u00edtica de cookies.<\/a><\/p><\/li>\n\n\n\n<li> <span style=\"color: var(--ast-global-color-2); font-family: \" playfair=\"\" display=\"\" serif=\"\" font-size:=\"\" background-color:=\"\" var=\"\">Seguridad:<\/span> <p class=\"privacy-policy-p\">La seguridad de tu informaci\u00f3n es importante para nosotros y utilizaremos medidas de seguridad razonables para evitar la p\u00e9rdida, mal uso o alteraci\u00f3n no autorizada de tu informaci\u00f3n bajo nuestro control. Sin embargo, dados los riesgos inherentes, no podemos garantizar una seguridad absoluta y, en consecuencia, no podemos asegurar o garantizar la seguridad de cualquier informaci\u00f3n que nos transmitas y lo haces bajo tu propia responsabilidad.<\/p><\/li>\n\n\n\n<li> <span style=\"color: var(--ast-global-color-2); font-family: \" playfair=\"\" display=\"\" serif=\"\" font-size:=\"\" background-color:=\"\" var=\"\">Enlaces de terceros y uso de tu informaci\u00f3n:<\/span> <p class=\"privacy-policy-p\">Nuestro Servicio puede contener enlaces a otros sitios web que no son operados por nosotros. Esta Pol\u00edtica de Privacidad no aborda la pol\u00edtica de privacidad y otras pr\u00e1cticas de terceros, incluyendo cualquier tercero que opere cualquier sitio web o servicio que pueda ser accesible a trav\u00e9s de un enlace en el Servicio. Te recomendamos encarecidamente que revises la pol\u00edtica de privacidad de cada sitio que visites. No tenemos control ni asumimos responsabilidad alguna por el contenido, las pol\u00edticas de privacidad o las pr\u00e1cticas de los sitios o servicios de terceros.<\/p><\/li>\n\n\n\n<li> <span style=\"color: var(--ast-global-color-2); font-family: \" playfair=\"\" display=\"\" serif=\"\" font-size:=\"\" background-color:=\"\" var=\"\">Responsable de quejas y protecci\u00f3n de datos:<\/span><p class=\"privacy-policy-p\">Si tienes alguna pregunta o duda sobre el tratamiento de la informaci\u00f3n de que disponemos, puedes enviar un correo electr\u00f3nico a nuestro responsable de quejas a <br\/>correo electr\u00f3nico: <span \n                data-original-string='AFJLuScvvEU63k4GnD0HHA==deeCqb+ZbtOJpkBLygl5x\/xpihj\/DNHPaI2lUiMYBGbjT0='\n                class='apbct-email-encoder'\n                title='Este contacto ha sido codificado por Anti-Spam by CleanTalk. Haz clic para decodificar. Para finalizar la decodificaci\u00f3n, aseg\u00farate de que JavaScript est\u00e1 activado en tu navegador.'>ad<span class=\"apbct-blur\">***<\/span>@<span class=\"apbct-blur\">******<\/span>om.mx<\/span>.<br\/>Abordaremos tus preocupaciones de conformidad con la legislaci\u00f3n aplicable.<\/p><\/li>\n<\/ol>\n","protected":false},"excerpt":{"rendered":"<p>Pol\u00edtica de privacidad ISEB. Descubre como protegemos tus datos y aseguramos la correcta gesti\u00f3n de los mismos. Revisar las cookies y otras pol\u00edticas de ISEB. <\/p>\n","protected":false},"author":12,"featured_media":0,"parent":0,"menu_order":0,"comment_status":"closed","ping_status":"closed","template":"","meta":{"site-sidebar-layout":"default","site-content-layout":"","ast-site-content-layout":"default","site-content-style":"default","site-sidebar-style":"default","ast-global-header-display":"","ast-banner-title-visibility":"","ast-main-header-display":"","ast-hfb-above-header-display":"","ast-hfb-below-header-display":"","ast-hfb-mobile-header-display":"","site-post-title":"","ast-breadcrumbs-content":"","ast-featured-img":"","footer-sml-layout":"","ast-disable-related-posts":"","theme-transparent-header-meta":"","adv-header-id-meta":"","stick-header-meta":"","header-above-stick-meta":"","header-main-stick-meta":"","header-below-stick-meta":"","astra-migrate-meta-layouts":"default","ast-page-background-enabled":"default","ast-page-background-meta":{"desktop":{"background-color":"var(--ast-global-color-4)","background-image":"","background-repeat":"repeat","background-position":"center center","background-size":"auto","background-attachment":"scroll","background-type":"","background-media":"","overlay-type":"","overlay-color":"","overlay-opacity":"","overlay-gradient":""},"tablet":{"background-color":"","background-image":"","background-repeat":"repeat","background-position":"center center","background-size":"auto","background-attachment":"scroll","background-type":"","background-media":"","overlay-type":"","overlay-color":"","overlay-opacity":"","overlay-gradient":""},"mobile":{"background-color":"","background-image":"","background-repeat":"repeat","background-position":"center center","background-size":"auto","background-attachment":"scroll","background-type":"","background-media":"","overlay-type":"","overlay-color":"","overlay-opacity":"","overlay-gradient":""}},"ast-content-background-meta":{"desktop":{"background-color":"var(--ast-global-color-5)","background-image":"","background-repeat":"repeat","background-position":"center center","background-size":"auto","background-attachment":"scroll","background-type":"","background-media":"","overlay-type":"","overlay-color":"","overlay-opacity":"","overlay-gradient":""},"tablet":{"background-color":"var(--ast-global-color-5)","background-image":"","background-repeat":"repeat","background-position":"center center","background-size":"auto","background-attachment":"scroll","background-type":"","background-media":"","overlay-type":"","overlay-color":"","overlay-opacity":"","overlay-gradient":""},"mobile":{"background-color":"var(--ast-global-color-5)","background-image":"","background-repeat":"repeat","background-position":"center center","background-size":"auto","background-attachment":"scroll","background-type":"","background-media":"","overlay-type":"","overlay-color":"","overlay-opacity":"","overlay-gradient":""}},"footnotes":""},"class_list":["post-6278","page","type-page","status-publish","hentry"],"_links":{"self":[{"href":"https:\/\/iseb.com.mx\/es\/wp-json\/wp\/v2\/pages\/6278","targetHints":{"allow":["GET"]}}],"collection":[{"href":"https:\/\/iseb.com.mx\/es\/wp-json\/wp\/v2\/pages"}],"about":[{"href":"https:\/\/iseb.com.mx\/es\/wp-json\/wp\/v2\/types\/page"}],"author":[{"embeddable":true,"href":"https:\/\/iseb.com.mx\/es\/wp-json\/wp\/v2\/users\/12"}],"replies":[{"embeddable":true,"href":"https:\/\/iseb.com.mx\/es\/wp-json\/wp\/v2\/comments?post=6278"}],"version-history":[{"count":0,"href":"https:\/\/iseb.com.mx\/es\/wp-json\/wp\/v2\/pages\/6278\/revisions"}],"wp:attachment":[{"href":"https:\/\/iseb.com.mx\/es\/wp-json\/wp\/v2\/media?parent=6278"}],"curies":[{"name":"wp","href":"https:\/\/api.w.org\/{rel}","templated":true}]}}