{"id":5445,"date":"2023-09-29T05:10:28","date_gmt":"2023-09-29T05:10:28","guid":{"rendered":"https:\/\/iseb.com.mx\/product\/blown-glass-tumbler-5-41-oz-triangle-4-glasses-tumblers\/"},"modified":"2026-03-18T01:07:37","modified_gmt":"2026-03-18T01:07:37","slug":"vasos-pequenos","status":"publish","type":"product","link":"https:\/\/iseb.com.mx\/es\/producto\/vasos-pequenos\/","title":{"rendered":"Vasos bajos de vidrio soplado, 150 ml &#8211; Amatista (juego de 4)"},"content":{"rendered":"<p>4 vasos peque\u00f1os de vidrio soplado de la mejor <strong>calidad<\/strong>.<br \/>\n<span style=\"font-size: 16px;\"><br \/>\n<\/span><span style=\"font-size: 16px;\">Elaboradas por artesanos de gran talento con m\u00e9todos ancestrales, cada copa se fabrica <\/span><strong style=\"font-size: 16px;\">con esmero. <\/strong><span style=\"font-size: 16px;\">Estos <\/span><strong>vasos<\/strong><span style=\"font-size: 16px;\">son fabricados en M\u00e9xico por artesanos, lo que hace que cada pieza sea ligeramente diferente en tama\u00f1o, color y dise\u00f1o.<\/span><\/p>\n<p>Exhibiendo la renombrada <strong>est\u00e9tica<\/strong> mexicana, estos <strong>tradicionales<\/strong> vasos de vidrio soplado presentan un color amatista <strong>\u00fanico<\/strong>.<\/p>\n<ul>\n<li>Vidrio Reciclado<\/li>\n<li>Sin plomo ni toxinas<\/li>\n<li>De preferencia lavar a mano<\/li>\n<li>Estos art\u00edculos artesanales pueden cambiar de tama\u00f1o, color y forma.<\/li>\n<li>Hecho en M\u00e9xico<\/li>\n<li>M\u00e1s colores y cantidades por encargo. M\u00e1s <a href=\"https:\/\/iseb.com.mx\/es\/sobre-nosotros\/\">informaci\u00f3n sobre nosotros<\/a><\/li>\n<\/ul>\n<p>Estos vasos <strong>de bellas<\/strong> formas son fabricados en M\u00e9xico por <strong>artesanos<\/strong> y exportados por una peque\u00f1a <strong>empresa familiar.<\/strong><\/p>\n<p><strong>Reconocemos<\/strong> el arte cuando lo vemos y aceptamos dise\u00f1os por encargo, env\u00edanos tus <strong>ideas<\/strong> y <strong>objetivos<\/strong>.<\/p>\n","protected":false},"excerpt":{"rendered":"<h2>Vasos Bajos 155 ml \u00abAmatista\u00bb (Juego de 4).<\/h2>\n<p><strong>Medidas:<\/strong><\/p>\n<p>Alto: 7 cms<\/p>\n<p>Ancho: 7 cms<\/p>\n<p>Largo: 7.5cms<\/p>\n","protected":false},"featured_media":6803,"comment_status":"open","ping_status":"closed","template":"","meta":{"site-sidebar-layout":"default","site-content-layout":"","ast-site-content-layout":"default","site-content-style":"default","site-sidebar-style":"default","ast-global-header-display":"","ast-banner-title-visibility":"","ast-main-header-display":"","ast-hfb-above-header-display":"","ast-hfb-below-header-display":"","ast-hfb-mobile-header-display":"","site-post-title":"","ast-breadcrumbs-content":"","ast-featured-img":"","footer-sml-layout":"","ast-disable-related-posts":"","theme-transparent-header-meta":"default","adv-header-id-meta":"","stick-header-meta":"","header-above-stick-meta":"","header-main-stick-meta":"","header-below-stick-meta":"","astra-migrate-meta-layouts":"set","ast-page-background-enabled":"default","ast-page-background-meta":{"desktop":{"background-color":"var(--ast-global-color-4)","background-image":"","background-repeat":"repeat","background-position":"center center","background-size":"auto","background-attachment":"scroll","background-type":"","background-media":"","overlay-type":"","overlay-color":"","overlay-opacity":"","overlay-gradient":""},"tablet":{"background-color":"","background-image":"","background-repeat":"repeat","background-position":"center center","background-size":"auto","background-attachment":"scroll","background-type":"","background-media":"","overlay-type":"","overlay-color":"","overlay-opacity":"","overlay-gradient":""},"mobile":{"background-color":"","background-image":"","background-repeat":"repeat","background-position":"center center","background-size":"auto","background-attachment":"scroll","background-type":"","background-media":"","overlay-type":"","overlay-color":"","overlay-opacity":"","overlay-gradient":""}},"ast-content-background-meta":{"desktop":{"background-color":"var(--ast-global-color-5)","background-image":"","background-repeat":"repeat","background-position":"center center","background-size":"auto","background-attachment":"scroll","background-type":"","background-media":"","overlay-type":"","overlay-color":"","overlay-opacity":"","overlay-gradient":""},"tablet":{"background-color":"var(--ast-global-color-5)","background-image":"","background-repeat":"repeat","background-position":"center center","background-size":"auto","background-attachment":"scroll","background-type":"","background-media":"","overlay-type":"","overlay-color":"","overlay-opacity":"","overlay-gradient":""},"mobile":{"background-color":"var(--ast-global-color-5)","background-image":"","background-repeat":"repeat","background-position":"center center","background-size":"auto","background-attachment":"scroll","background-type":"","background-media":"","overlay-type":"","overlay-color":"","overlay-opacity":"","overlay-gradient":""}}},"pwb-brand":[],"product_brand":[],"product_cat":[107],"product_tag":[164],"class_list":{"0":"post-5445","1":"product","2":"type-product","3":"status-publish","4":"has-post-thumbnail","6":"product_cat-vasos","7":"product_tag-vasos-vidrio-soplado","8":"desktop-align-center","9":"tablet-align-left","10":"mobile-align-left","12":"first","13":"onbackorder","14":"shipping-taxable","15":"purchasable","16":"product-type-variable","17":"has-default-attributes"},"brands":[],"_links":{"self":[{"href":"https:\/\/iseb.com.mx\/es\/wp-json\/wp\/v2\/product\/5445","targetHints":{"allow":["GET"]}}],"collection":[{"href":"https:\/\/iseb.com.mx\/es\/wp-json\/wp\/v2\/product"}],"about":[{"href":"https:\/\/iseb.com.mx\/es\/wp-json\/wp\/v2\/types\/product"}],"replies":[{"embeddable":true,"href":"https:\/\/iseb.com.mx\/es\/wp-json\/wp\/v2\/comments?post=5445"}],"version-history":[{"count":1,"href":"https:\/\/iseb.com.mx\/es\/wp-json\/wp\/v2\/product\/5445\/revisions"}],"predecessor-version":[{"id":9908,"href":"https:\/\/iseb.com.mx\/es\/wp-json\/wp\/v2\/product\/5445\/revisions\/9908"}],"wp:featuredmedia":[{"embeddable":true,"href":"https:\/\/iseb.com.mx\/es\/wp-json\/wp\/v2\/media\/6803"}],"wp:attachment":[{"href":"https:\/\/iseb.com.mx\/es\/wp-json\/wp\/v2\/media?parent=5445"}],"wp:term":[{"taxonomy":"pwb-brand","embeddable":true,"href":"https:\/\/iseb.com.mx\/es\/wp-json\/wp\/v2\/pwb-brand?post=5445"},{"taxonomy":"product_brand","embeddable":true,"href":"https:\/\/iseb.com.mx\/es\/wp-json\/wp\/v2\/product_brand?post=5445"},{"taxonomy":"product_cat","embeddable":true,"href":"https:\/\/iseb.com.mx\/es\/wp-json\/wp\/v2\/product_cat?post=5445"},{"taxonomy":"product_tag","embeddable":true,"href":"https:\/\/iseb.com.mx\/es\/wp-json\/wp\/v2\/product_tag?post=5445"}],"curies":[{"name":"wp","href":"https:\/\/api.w.org\/{rel}","templated":true}]}}