{"id":5447,"date":"2023-09-29T05:14:07","date_gmt":"2023-09-29T05:14:07","guid":{"rendered":"https:\/\/iseb.com.mx\/product\/skull-shots\/"},"modified":"2026-03-18T01:10:37","modified_gmt":"2026-03-18T01:10:37","slug":"shots-de-calavera","status":"publish","type":"product","link":"https:\/\/iseb.com.mx\/es\/producto\/shots-de-calavera\/","title":{"rendered":"Shots de calavera de vidrio soplado, 45 ml &#8211; Tornasol con blanco (juego de 4)"},"content":{"rendered":"<p>4 shots de calavera de vidrio soplado de la mejor <strong>calidad<\/strong>.<\/p>\n<p><span style=\"font-size: 16px;\">Estos<\/span> <strong style=\"font-size: 16px;\">vasos<\/strong><span style=\"font-size: 16px;\"> Los shots con forma de calavera son fabricados en M\u00e9xico por artesanos, por lo que cada pieza es ligeramente diferente en tama\u00f1o, color y dise\u00f1o. Elaborado por artesanos de gran talento con m\u00e9todos ancestrales, cada shot de calavera est\u00e1 hecho a mano <\/span><strong style=\"font-size: 16px;\">con cuidado.<\/strong><\/p>\n<p>Mostrando una hermosa<strong>est\u00e9tica<\/strong> mexicana, estos <strong>tradicionales<\/strong> shots de vidrio soplado presentan un <strong>exclusivo<\/strong> color blanco y efecto tornasol.<\/p>\n<ul>\n<li>Vidrio Reciclado<\/li>\n<li>Sin plomo ni toxinas<\/li>\n<li>De preferencia lavar a mano<\/li>\n<li>Estos art\u00edculos artesanales pueden cambiar en tama\u00f1o exacto, el tono y la forma<\/li>\n<li>Hecho en M\u00e9xico<\/li>\n<li>M\u00e1s colores y cantidades bajo pedido. <a href=\"https:\/\/iseb.com.mx\/es\/contactanos\/\">Ponte en contacto con nosotros<\/a>.<\/li>\n<\/ul>\n<p>Estos vasos <strong>de bellas<\/strong> formas son fabricados en M\u00e9xico por <strong>artesanos<\/strong> y exportados por una peque\u00f1a <strong>empresa familiar.<\/strong><\/p>\n<p><strong>Reconocemos<\/strong> el arte cuando lo vemos y aceptamos dise\u00f1os por encargo, env\u00edanos tus <strong>ideas<\/strong> y <strong>objetivos<\/strong>.<\/p>\n","protected":false},"excerpt":{"rendered":"<p><strong>Medidas:<br \/>\n<\/strong><br \/>\nAltura: 7.6 cm<br \/>\nAncho: 4.6 cm<br \/>\nLongitud: 4.6 cm<\/p>\n","protected":false},"featured_media":5993,"comment_status":"open","ping_status":"closed","template":"","meta":{"site-sidebar-layout":"default","site-content-layout":"","ast-site-content-layout":"default","site-content-style":"default","site-sidebar-style":"default","ast-global-header-display":"","ast-banner-title-visibility":"","ast-main-header-display":"","ast-hfb-above-header-display":"","ast-hfb-below-header-display":"","ast-hfb-mobile-header-display":"","site-post-title":"","ast-breadcrumbs-content":"","ast-featured-img":"","footer-sml-layout":"","ast-disable-related-posts":"","theme-transparent-header-meta":"default","adv-header-id-meta":"","stick-header-meta":"","header-above-stick-meta":"","header-main-stick-meta":"","header-below-stick-meta":"","astra-migrate-meta-layouts":"set","ast-page-background-enabled":"default","ast-page-background-meta":{"desktop":{"background-color":"var(--ast-global-color-4)","background-image":"","background-repeat":"repeat","background-position":"center center","background-size":"auto","background-attachment":"scroll","background-type":"","background-media":"","overlay-type":"","overlay-color":"","overlay-opacity":"","overlay-gradient":""},"tablet":{"background-color":"","background-image":"","background-repeat":"repeat","background-position":"center center","background-size":"auto","background-attachment":"scroll","background-type":"","background-media":"","overlay-type":"","overlay-color":"","overlay-opacity":"","overlay-gradient":""},"mobile":{"background-color":"","background-image":"","background-repeat":"repeat","background-position":"center center","background-size":"auto","background-attachment":"scroll","background-type":"","background-media":"","overlay-type":"","overlay-color":"","overlay-opacity":"","overlay-gradient":""}},"ast-content-background-meta":{"desktop":{"background-color":"var(--ast-global-color-5)","background-image":"","background-repeat":"repeat","background-position":"center center","background-size":"auto","background-attachment":"scroll","background-type":"","background-media":"","overlay-type":"","overlay-color":"","overlay-opacity":"","overlay-gradient":""},"tablet":{"background-color":"var(--ast-global-color-5)","background-image":"","background-repeat":"repeat","background-position":"center center","background-size":"auto","background-attachment":"scroll","background-type":"","background-media":"","overlay-type":"","overlay-color":"","overlay-opacity":"","overlay-gradient":""},"mobile":{"background-color":"var(--ast-global-color-5)","background-image":"","background-repeat":"repeat","background-position":"center center","background-size":"auto","background-attachment":"scroll","background-type":"","background-media":"","overlay-type":"","overlay-color":"","overlay-opacity":"","overlay-gradient":""}}},"pwb-brand":[],"product_brand":[],"product_cat":[133],"product_tag":[165],"class_list":{"0":"post-5447","1":"product","2":"type-product","3":"status-publish","4":"has-post-thumbnail","6":"product_cat-shots-es","7":"product_tag-shots-vidrio-soplado","8":"desktop-align-center","9":"tablet-align-left","10":"mobile-align-left","12":"first","13":"instock","14":"shipping-taxable","15":"purchasable","16":"product-type-variable","17":"has-default-attributes"},"brands":[],"_links":{"self":[{"href":"https:\/\/iseb.com.mx\/es\/wp-json\/wp\/v2\/product\/5447","targetHints":{"allow":["GET"]}}],"collection":[{"href":"https:\/\/iseb.com.mx\/es\/wp-json\/wp\/v2\/product"}],"about":[{"href":"https:\/\/iseb.com.mx\/es\/wp-json\/wp\/v2\/types\/product"}],"replies":[{"embeddable":true,"href":"https:\/\/iseb.com.mx\/es\/wp-json\/wp\/v2\/comments?post=5447"}],"version-history":[{"count":2,"href":"https:\/\/iseb.com.mx\/es\/wp-json\/wp\/v2\/product\/5447\/revisions"}],"predecessor-version":[{"id":9911,"href":"https:\/\/iseb.com.mx\/es\/wp-json\/wp\/v2\/product\/5447\/revisions\/9911"}],"wp:featuredmedia":[{"embeddable":true,"href":"https:\/\/iseb.com.mx\/es\/wp-json\/wp\/v2\/media\/5993"}],"wp:attachment":[{"href":"https:\/\/iseb.com.mx\/es\/wp-json\/wp\/v2\/media?parent=5447"}],"wp:term":[{"taxonomy":"pwb-brand","embeddable":true,"href":"https:\/\/iseb.com.mx\/es\/wp-json\/wp\/v2\/pwb-brand?post=5447"},{"taxonomy":"product_brand","embeddable":true,"href":"https:\/\/iseb.com.mx\/es\/wp-json\/wp\/v2\/product_brand?post=5447"},{"taxonomy":"product_cat","embeddable":true,"href":"https:\/\/iseb.com.mx\/es\/wp-json\/wp\/v2\/product_cat?post=5447"},{"taxonomy":"product_tag","embeddable":true,"href":"https:\/\/iseb.com.mx\/es\/wp-json\/wp\/v2\/product_tag?post=5447"}],"curies":[{"name":"wp","href":"https:\/\/api.w.org\/{rel}","templated":true}]}}