{"id":5448,"date":"2023-09-29T05:18:21","date_gmt":"2023-09-29T05:18:21","guid":{"rendered":"https:\/\/iseb.com.mx\/product\/spiral-glass\/"},"modified":"2026-03-18T01:26:18","modified_gmt":"2026-03-18T01:26:18","slug":"vasos-vidrio-soplado","status":"publish","type":"product","link":"https:\/\/iseb.com.mx\/es\/producto\/vasos-vidrio-soplado\/","title":{"rendered":"Vasos de Vidrio Soplado 400 ml &#8211; Blanco Espiral (Juego de 4)"},"content":{"rendered":"<p>4 vasos de vidrio soplado de la mejor <strong>calidad<\/strong>.<br \/>\n<span style=\"font-size: 16px;\"><br \/>\nEstos vasos de formas tan bonitas los fabrican artesanos en M\u00e9xico<\/span><span style=\"font-size: 16px;\">, lo que hace que cada pieza sea ligeramente diferente en cuanto a tama\u00f1o, color y dise\u00f1o. Elaboradas por h\u00e1biles artesanos mediante m\u00e9todos tradicionales transmitidos de generaci\u00f3n en generaci\u00f3n, cada copa se fabrica con esmero <\/span><strong style=\"font-size: 16px;\">.<\/strong><\/p>\n<p>Estos vasos de vidrio soplado <strong>tradicionales <\/strong>se caracterizan por una <strong>t\u00e9cnica espiral \u00fanica<\/strong>.<\/p>\n<ul>\n<li>Vidrio Reciclado<\/li>\n<li>Sin plomo ni toxinas<\/li>\n<li>De preferencia lavar a mano<\/li>\n<li>Estos art\u00edculos hechos a mano pueden variar ligeramente en cuanto a tama\u00f1o, color y forma.<\/li>\n<li>Hecho en M\u00e9xico<\/li>\n<li>M\u00e1s colores y cantidades disponibles bajo pedido. Ponte en contacto con nosotros<\/li>\n<\/ul>\n","protected":false},"excerpt":{"rendered":"<p><strong>Medidas:<br \/>\n<\/strong><br \/>\nAltura: 12.7 cm<\/p>\n<p>Ancho: 7 cm<\/p>\n<p>Longitud: 8 cm<\/p>\n","protected":false},"featured_media":5997,"comment_status":"open","ping_status":"closed","template":"","meta":{"site-sidebar-layout":"default","site-content-layout":"","ast-site-content-layout":"default","site-content-style":"default","site-sidebar-style":"default","ast-global-header-display":"","ast-banner-title-visibility":"","ast-main-header-display":"","ast-hfb-above-header-display":"","ast-hfb-below-header-display":"","ast-hfb-mobile-header-display":"","site-post-title":"","ast-breadcrumbs-content":"","ast-featured-img":"","footer-sml-layout":"","ast-disable-related-posts":"","theme-transparent-header-meta":"default","adv-header-id-meta":"","stick-header-meta":"","header-above-stick-meta":"","header-main-stick-meta":"","header-below-stick-meta":"","astra-migrate-meta-layouts":"set","ast-page-background-enabled":"default","ast-page-background-meta":{"desktop":{"background-color":"var(--ast-global-color-4)","background-image":"","background-repeat":"repeat","background-position":"center center","background-size":"auto","background-attachment":"scroll","background-type":"","background-media":"","overlay-type":"","overlay-color":"","overlay-opacity":"","overlay-gradient":""},"tablet":{"background-color":"","background-image":"","background-repeat":"repeat","background-position":"center center","background-size":"auto","background-attachment":"scroll","background-type":"","background-media":"","overlay-type":"","overlay-color":"","overlay-opacity":"","overlay-gradient":""},"mobile":{"background-color":"","background-image":"","background-repeat":"repeat","background-position":"center center","background-size":"auto","background-attachment":"scroll","background-type":"","background-media":"","overlay-type":"","overlay-color":"","overlay-opacity":"","overlay-gradient":""}},"ast-content-background-meta":{"desktop":{"background-color":"var(--ast-global-color-5)","background-image":"","background-repeat":"repeat","background-position":"center center","background-size":"auto","background-attachment":"scroll","background-type":"","background-media":"","overlay-type":"","overlay-color":"","overlay-opacity":"","overlay-gradient":""},"tablet":{"background-color":"var(--ast-global-color-5)","background-image":"","background-repeat":"repeat","background-position":"center center","background-size":"auto","background-attachment":"scroll","background-type":"","background-media":"","overlay-type":"","overlay-color":"","overlay-opacity":"","overlay-gradient":""},"mobile":{"background-color":"var(--ast-global-color-5)","background-image":"","background-repeat":"repeat","background-position":"center center","background-size":"auto","background-attachment":"scroll","background-type":"","background-media":"","overlay-type":"","overlay-color":"","overlay-opacity":"","overlay-gradient":""}}},"pwb-brand":[],"product_brand":[],"product_cat":[107],"product_tag":[164],"class_list":{"0":"post-5448","1":"product","2":"type-product","3":"status-publish","4":"has-post-thumbnail","6":"product_cat-vasos","7":"product_tag-vasos-vidrio-soplado","8":"desktop-align-center","9":"tablet-align-left","10":"mobile-align-left","12":"first","13":"instock","14":"shipping-taxable","15":"purchasable","16":"product-type-variable","17":"has-default-attributes"},"brands":[],"_links":{"self":[{"href":"https:\/\/iseb.com.mx\/es\/wp-json\/wp\/v2\/product\/5448","targetHints":{"allow":["GET"]}}],"collection":[{"href":"https:\/\/iseb.com.mx\/es\/wp-json\/wp\/v2\/product"}],"about":[{"href":"https:\/\/iseb.com.mx\/es\/wp-json\/wp\/v2\/types\/product"}],"replies":[{"embeddable":true,"href":"https:\/\/iseb.com.mx\/es\/wp-json\/wp\/v2\/comments?post=5448"}],"version-history":[{"count":1,"href":"https:\/\/iseb.com.mx\/es\/wp-json\/wp\/v2\/product\/5448\/revisions"}],"predecessor-version":[{"id":9915,"href":"https:\/\/iseb.com.mx\/es\/wp-json\/wp\/v2\/product\/5448\/revisions\/9915"}],"wp:featuredmedia":[{"embeddable":true,"href":"https:\/\/iseb.com.mx\/es\/wp-json\/wp\/v2\/media\/5997"}],"wp:attachment":[{"href":"https:\/\/iseb.com.mx\/es\/wp-json\/wp\/v2\/media?parent=5448"}],"wp:term":[{"taxonomy":"pwb-brand","embeddable":true,"href":"https:\/\/iseb.com.mx\/es\/wp-json\/wp\/v2\/pwb-brand?post=5448"},{"taxonomy":"product_brand","embeddable":true,"href":"https:\/\/iseb.com.mx\/es\/wp-json\/wp\/v2\/product_brand?post=5448"},{"taxonomy":"product_cat","embeddable":true,"href":"https:\/\/iseb.com.mx\/es\/wp-json\/wp\/v2\/product_cat?post=5448"},{"taxonomy":"product_tag","embeddable":true,"href":"https:\/\/iseb.com.mx\/es\/wp-json\/wp\/v2\/product_tag?post=5448"}],"curies":[{"name":"wp","href":"https:\/\/api.w.org\/{rel}","templated":true}]}}