{"id":6460,"date":"2023-12-24T19:55:19","date_gmt":"2023-12-24T19:55:19","guid":{"rendered":"https:\/\/iseb.com.mx\/?post_type=product&#038;p=6460"},"modified":"2024-01-25T03:26:03","modified_gmt":"2024-01-25T03:26:03","slug":"verde-limon","status":"publish","type":"product","link":"https:\/\/iseb.com.mx\/es\/producto\/verde-limon\/","title":{"rendered":"Esferas de vidrio soplado &#8211; Verde Lim\u00f3n (set de 3)"},"content":{"rendered":"<p>3 Esferas de vidrio soplado de la m\u00e1s alta <strong>calidad<\/strong>.<br \/>\n<span style=\"font-size: 16px;\"><br \/>\n<\/span><strong>Vidrio bellamente<\/strong><span style=\"font-size: 16px;\"> moldeado en esferas de vidrio hechas en M\u00e9xico por artesanos. Fabricadas por artesanos de gran talento con m\u00e9todos ancestrales, todas las esferas de vidrio est\u00e1n hechas a mano <\/span><strong style=\"font-size: 16px;\">con cuidado y estilo. <\/strong><\/p>\n<p>Exhibiendo la renombrada <strong>est\u00e9tica<\/strong> mexicana, estas <strong>tradicionales<\/strong> esferas de vidrio presentan un <strong>exclusivo<\/strong> color Verde Lim\u00f3n.<\/p>\n<ul>\n<li>Vidrio Reciclado<\/li>\n<li>Sin plomo ni toxinas<\/li>\n<li>De preferencia lavar a mano<\/li>\n<li>Estos art\u00edculos artesanales pueden diferir ligeramente entre s\u00ed en tama\u00f1o, color y forma.<\/li>\n<li>Hecho en M\u00e9xico<\/li>\n<li>Hay m\u00e1s colores disponibles.<\/li>\n<\/ul>\n<p>Estas preciosas esferas de vidrio soplado son fabricadas en M\u00e9xico por <strong>artesanos<\/strong> y exportadas por una peque\u00f1a <strong>empresa familiar.<\/strong><\/p>\n<p>\u00a1Al por mayor! <strong>Reconocemos<\/strong> el arte cuando lo vemos y aceptamos dise\u00f1os por encargo, env\u00edanos tus <strong>ideas<\/strong> y <strong>objetivos<\/strong> <strong>del proyecto<\/strong>.<\/p>\n","protected":false},"excerpt":{"rendered":"<h3>Esferas de vidrio soplado Verde Lim\u00f3n<\/h3>\n<p><strong>Medidas:<\/strong><\/p>\n<p>10 cent\u00edmetros de di\u00e1metro.<\/p>\n","protected":false},"featured_media":6464,"comment_status":"open","ping_status":"closed","template":"","meta":{"site-sidebar-layout":"default","site-content-layout":"","ast-site-content-layout":"default","site-content-style":"default","site-sidebar-style":"default","ast-global-header-display":"","ast-banner-title-visibility":"","ast-main-header-display":"","ast-hfb-above-header-display":"","ast-hfb-below-header-display":"","ast-hfb-mobile-header-display":"","site-post-title":"","ast-breadcrumbs-content":"","ast-featured-img":"","footer-sml-layout":"","ast-disable-related-posts":"","theme-transparent-header-meta":"default","adv-header-id-meta":"","stick-header-meta":"","header-above-stick-meta":"","header-main-stick-meta":"","header-below-stick-meta":"","astra-migrate-meta-layouts":"set","ast-page-background-enabled":"default","ast-page-background-meta":{"desktop":{"background-color":"var(--ast-global-color-4)","background-image":"","background-repeat":"repeat","background-position":"center center","background-size":"auto","background-attachment":"scroll","background-type":"","background-media":"","overlay-type":"","overlay-color":"","overlay-opacity":"","overlay-gradient":""},"tablet":{"background-color":"","background-image":"","background-repeat":"repeat","background-position":"center center","background-size":"auto","background-attachment":"scroll","background-type":"","background-media":"","overlay-type":"","overlay-color":"","overlay-opacity":"","overlay-gradient":""},"mobile":{"background-color":"","background-image":"","background-repeat":"repeat","background-position":"center center","background-size":"auto","background-attachment":"scroll","background-type":"","background-media":"","overlay-type":"","overlay-color":"","overlay-opacity":"","overlay-gradient":""}},"ast-content-background-meta":{"desktop":{"background-color":"var(--ast-global-color-5)","background-image":"","background-repeat":"repeat","background-position":"center center","background-size":"auto","background-attachment":"scroll","background-type":"","background-media":"","overlay-type":"","overlay-color":"","overlay-opacity":"","overlay-gradient":""},"tablet":{"background-color":"var(--ast-global-color-5)","background-image":"","background-repeat":"repeat","background-position":"center center","background-size":"auto","background-attachment":"scroll","background-type":"","background-media":"","overlay-type":"","overlay-color":"","overlay-opacity":"","overlay-gradient":""},"mobile":{"background-color":"var(--ast-global-color-5)","background-image":"","background-repeat":"repeat","background-position":"center center","background-size":"auto","background-attachment":"scroll","background-type":"","background-media":"","overlay-type":"","overlay-color":"","overlay-opacity":"","overlay-gradient":""}}},"pwb-brand":[217],"product_brand":[],"product_cat":[155],"product_tag":[162],"class_list":{"0":"post-6460","1":"product","2":"type-product","3":"status-publish","4":"has-post-thumbnail","6":"pwb-brand-iseb-blown-glass","7":"product_cat-esferas","8":"product_tag-esferas-vidrio-soplado","9":"desktop-align-center","10":"tablet-align-left","11":"mobile-align-left","13":"first","14":"instock","15":"shipping-taxable","16":"purchasable","17":"product-type-variable","18":"has-default-attributes"},"brands":[{"id":217,"name":"ISEB Blown Glass","slug":"iseb-blown-glass"}],"_links":{"self":[{"href":"https:\/\/iseb.com.mx\/es\/wp-json\/wp\/v2\/product\/6460","targetHints":{"allow":["GET"]}}],"collection":[{"href":"https:\/\/iseb.com.mx\/es\/wp-json\/wp\/v2\/product"}],"about":[{"href":"https:\/\/iseb.com.mx\/es\/wp-json\/wp\/v2\/types\/product"}],"replies":[{"embeddable":true,"href":"https:\/\/iseb.com.mx\/es\/wp-json\/wp\/v2\/comments?post=6460"}],"version-history":[{"count":0,"href":"https:\/\/iseb.com.mx\/es\/wp-json\/wp\/v2\/product\/6460\/revisions"}],"wp:featuredmedia":[{"embeddable":true,"href":"https:\/\/iseb.com.mx\/es\/wp-json\/wp\/v2\/media\/6464"}],"wp:attachment":[{"href":"https:\/\/iseb.com.mx\/es\/wp-json\/wp\/v2\/media?parent=6460"}],"wp:term":[{"taxonomy":"pwb-brand","embeddable":true,"href":"https:\/\/iseb.com.mx\/es\/wp-json\/wp\/v2\/pwb-brand?post=6460"},{"taxonomy":"product_brand","embeddable":true,"href":"https:\/\/iseb.com.mx\/es\/wp-json\/wp\/v2\/product_brand?post=6460"},{"taxonomy":"product_cat","embeddable":true,"href":"https:\/\/iseb.com.mx\/es\/wp-json\/wp\/v2\/product_cat?post=6460"},{"taxonomy":"product_tag","embeddable":true,"href":"https:\/\/iseb.com.mx\/es\/wp-json\/wp\/v2\/product_tag?post=6460"}],"curies":[{"name":"wp","href":"https:\/\/api.w.org\/{rel}","templated":true}]}}