{"id":6472,"date":"2023-12-24T20:15:48","date_gmt":"2023-12-24T20:15:48","guid":{"rendered":"https:\/\/iseb.com.mx\/?post_type=product&#038;p=6472"},"modified":"2026-03-18T01:05:29","modified_gmt":"2026-03-18T01:05:29","slug":"aqua-white-drops","status":"publish","type":"product","link":"https:\/\/iseb.com.mx\/es\/producto\/aqua-white-drops\/","title":{"rendered":"Esferas de vidrio soplado &#8211; Aqua con Gotas Blancas (Juego de 3)"},"content":{"rendered":"<p>3 Esferas de vidrio soplado de la m\u00e1s alta <strong>calidad<\/strong>.<br \/>\n<span style=\"font-size: 16px;\"><br \/>\n<\/span><strong>Vidrio bellamente<\/strong><span style=\"font-size: 16px;\"> moldeado fabricado en M\u00e9xico por artesanos. Fabricadas por artesanos de gran talento con m\u00e9todos ancestrales, todas las esferas de vidrio est\u00e1n hechas a mano <\/span><strong style=\"font-size: 16px;\">con cuidado y estilo. <\/strong><\/p>\n<p>Exhibiendo la renombrada <strong>est\u00e9tica<\/strong> mexicana, estas <strong>tradicionales<\/strong> esferas de cristal presentan un <strong>exclusivo<\/strong> color aguamarina en gotas blancas.<\/p>\n<ul>\n<li>Vidrio Reciclado<\/li>\n<li>Sin plomo ni toxinas<\/li>\n<li>De preferencia lavar a mano<\/li>\n<li>Estos art\u00edculos artesanales pueden diferir ligeramente entre s\u00ed en tama\u00f1o, color y forma.<\/li>\n<li>Hecho en M\u00e9xico<\/li>\n<li>Hay m\u00e1s colores disponibles.<\/li>\n<\/ul>\n<p>Estas preciosas bolas de vidrio soplado aportan un toque de <strong>elegancia<\/strong> a tus espacios. \u00a1Compra ahora y eleva la decoraci\u00f3n de tu casa!<\/p>\n","protected":false},"excerpt":{"rendered":"<h3>Bolas de vidrio soplado Aqua con Gotas Blancas<\/h3>\n<p><strong>Medidas:<\/strong><\/p>\n<p>10 cent\u00edmetros de di\u00e1metro.<\/p>\n","protected":false},"featured_media":6476,"comment_status":"open","ping_status":"closed","template":"","meta":{"site-sidebar-layout":"default","site-content-layout":"","ast-site-content-layout":"default","site-content-style":"default","site-sidebar-style":"default","ast-global-header-display":"","ast-banner-title-visibility":"","ast-main-header-display":"","ast-hfb-above-header-display":"","ast-hfb-below-header-display":"","ast-hfb-mobile-header-display":"","site-post-title":"","ast-breadcrumbs-content":"","ast-featured-img":"","footer-sml-layout":"","ast-disable-related-posts":"","theme-transparent-header-meta":"default","adv-header-id-meta":"","stick-header-meta":"","header-above-stick-meta":"","header-main-stick-meta":"","header-below-stick-meta":"","astra-migrate-meta-layouts":"set","ast-page-background-enabled":"default","ast-page-background-meta":{"desktop":{"background-color":"var(--ast-global-color-4)","background-image":"","background-repeat":"repeat","background-position":"center center","background-size":"auto","background-attachment":"scroll","background-type":"","background-media":"","overlay-type":"","overlay-color":"","overlay-opacity":"","overlay-gradient":""},"tablet":{"background-color":"","background-image":"","background-repeat":"repeat","background-position":"center center","background-size":"auto","background-attachment":"scroll","background-type":"","background-media":"","overlay-type":"","overlay-color":"","overlay-opacity":"","overlay-gradient":""},"mobile":{"background-color":"","background-image":"","background-repeat":"repeat","background-position":"center center","background-size":"auto","background-attachment":"scroll","background-type":"","background-media":"","overlay-type":"","overlay-color":"","overlay-opacity":"","overlay-gradient":""}},"ast-content-background-meta":{"desktop":{"background-color":"var(--ast-global-color-5)","background-image":"","background-repeat":"repeat","background-position":"center center","background-size":"auto","background-attachment":"scroll","background-type":"","background-media":"","overlay-type":"","overlay-color":"","overlay-opacity":"","overlay-gradient":""},"tablet":{"background-color":"var(--ast-global-color-5)","background-image":"","background-repeat":"repeat","background-position":"center center","background-size":"auto","background-attachment":"scroll","background-type":"","background-media":"","overlay-type":"","overlay-color":"","overlay-opacity":"","overlay-gradient":""},"mobile":{"background-color":"var(--ast-global-color-5)","background-image":"","background-repeat":"repeat","background-position":"center center","background-size":"auto","background-attachment":"scroll","background-type":"","background-media":"","overlay-type":"","overlay-color":"","overlay-opacity":"","overlay-gradient":""}}},"pwb-brand":[],"product_brand":[],"product_cat":[155],"product_tag":[162],"class_list":{"0":"post-6472","1":"product","2":"type-product","3":"status-publish","4":"has-post-thumbnail","6":"product_cat-esferas","7":"product_tag-esferas-vidrio-soplado","8":"desktop-align-center","9":"tablet-align-left","10":"mobile-align-left","12":"first","13":"instock","14":"shipping-taxable","15":"purchasable","16":"product-type-variable","17":"has-default-attributes"},"brands":[],"_links":{"self":[{"href":"https:\/\/iseb.com.mx\/es\/wp-json\/wp\/v2\/product\/6472","targetHints":{"allow":["GET"]}}],"collection":[{"href":"https:\/\/iseb.com.mx\/es\/wp-json\/wp\/v2\/product"}],"about":[{"href":"https:\/\/iseb.com.mx\/es\/wp-json\/wp\/v2\/types\/product"}],"replies":[{"embeddable":true,"href":"https:\/\/iseb.com.mx\/es\/wp-json\/wp\/v2\/comments?post=6472"}],"version-history":[{"count":1,"href":"https:\/\/iseb.com.mx\/es\/wp-json\/wp\/v2\/product\/6472\/revisions"}],"predecessor-version":[{"id":9907,"href":"https:\/\/iseb.com.mx\/es\/wp-json\/wp\/v2\/product\/6472\/revisions\/9907"}],"wp:featuredmedia":[{"embeddable":true,"href":"https:\/\/iseb.com.mx\/es\/wp-json\/wp\/v2\/media\/6476"}],"wp:attachment":[{"href":"https:\/\/iseb.com.mx\/es\/wp-json\/wp\/v2\/media?parent=6472"}],"wp:term":[{"taxonomy":"pwb-brand","embeddable":true,"href":"https:\/\/iseb.com.mx\/es\/wp-json\/wp\/v2\/pwb-brand?post=6472"},{"taxonomy":"product_brand","embeddable":true,"href":"https:\/\/iseb.com.mx\/es\/wp-json\/wp\/v2\/product_brand?post=6472"},{"taxonomy":"product_cat","embeddable":true,"href":"https:\/\/iseb.com.mx\/es\/wp-json\/wp\/v2\/product_cat?post=6472"},{"taxonomy":"product_tag","embeddable":true,"href":"https:\/\/iseb.com.mx\/es\/wp-json\/wp\/v2\/product_tag?post=6472"}],"curies":[{"name":"wp","href":"https:\/\/api.w.org\/{rel}","templated":true}]}}