{"id":9878,"date":"2026-01-10T20:22:52","date_gmt":"2026-01-10T20:22:52","guid":{"rendered":"https:\/\/iseb.com.mx\/product\/automatizacion-de-google-workspace-auditoria-de-automatizacion\/"},"modified":"2026-03-17T01:01:51","modified_gmt":"2026-03-17T01:01:51","slug":"automatizacion-de-google-workspace-auditoria-de-automatizacion","status":"publish","type":"product","link":"https:\/\/iseb.com.mx\/es\/producto\/automatizacion-de-google-workspace-auditoria-de-automatizacion\/","title":{"rendered":"Automatizaci\u00f3n de Google Workspace (Auditor\u00eda de automatizaci\u00f3n)"},"content":{"rendered":"","protected":false},"excerpt":{"rendered":"<p><b>Aumente la productividad y reduzca la carga de trabajo manual<\/b> gracias a la experiencia de ISEB en la automatizaci\u00f3n de Google Workspace.<\/p>\n","protected":false},"featured_media":8832,"comment_status":"open","ping_status":"closed","template":"","meta":{"site-sidebar-layout":"default","site-content-layout":"","ast-site-content-layout":"default","site-content-style":"default","site-sidebar-style":"default","ast-global-header-display":"","ast-banner-title-visibility":"","ast-main-header-display":"","ast-hfb-above-header-display":"","ast-hfb-below-header-display":"","ast-hfb-mobile-header-display":"","site-post-title":"","ast-breadcrumbs-content":"","ast-featured-img":"","footer-sml-layout":"","ast-disable-related-posts":"","theme-transparent-header-meta":"default","adv-header-id-meta":"","stick-header-meta":"","header-above-stick-meta":"","header-main-stick-meta":"","header-below-stick-meta":"","astra-migrate-meta-layouts":"default","ast-page-background-enabled":"default","ast-page-background-meta":{"desktop":{"background-color":"var(--ast-global-color-4)","background-image":"","background-repeat":"repeat","background-position":"center center","background-size":"auto","background-attachment":"scroll","background-type":"","background-media":"","overlay-type":"","overlay-color":"","overlay-opacity":"","overlay-gradient":""},"tablet":{"background-color":"","background-image":"","background-repeat":"repeat","background-position":"center center","background-size":"auto","background-attachment":"scroll","background-type":"","background-media":"","overlay-type":"","overlay-color":"","overlay-opacity":"","overlay-gradient":""},"mobile":{"background-color":"","background-image":"","background-repeat":"repeat","background-position":"center center","background-size":"auto","background-attachment":"scroll","background-type":"","background-media":"","overlay-type":"","overlay-color":"","overlay-opacity":"","overlay-gradient":""}},"ast-content-background-meta":{"desktop":{"background-color":"var(--ast-global-color-5)","background-image":"","background-repeat":"repeat","background-position":"center center","background-size":"auto","background-attachment":"scroll","background-type":"","background-media":"","overlay-type":"","overlay-color":"","overlay-opacity":"","overlay-gradient":""},"tablet":{"background-color":"var(--ast-global-color-5)","background-image":"","background-repeat":"repeat","background-position":"center center","background-size":"auto","background-attachment":"scroll","background-type":"","background-media":"","overlay-type":"","overlay-color":"","overlay-opacity":"","overlay-gradient":""},"mobile":{"background-color":"var(--ast-global-color-5)","background-image":"","background-repeat":"repeat","background-position":"center center","background-size":"auto","background-attachment":"scroll","background-type":"","background-media":"","overlay-type":"","overlay-color":"","overlay-opacity":"","overlay-gradient":""}}},"pwb-brand":[],"product_brand":[],"product_cat":[401],"product_tag":[414],"class_list":{"0":"post-9878","1":"product","2":"type-product","3":"status-publish","4":"has-post-thumbnail","6":"product_cat-servicio","7":"product_tag-google-workspace","8":"desktop-align-center","9":"tablet-align-left","10":"mobile-align-left","12":"first","13":"instock","14":"shipping-taxable","15":"purchasable","16":"product-type-variable"},"brands":[],"_links":{"self":[{"href":"https:\/\/iseb.com.mx\/es\/wp-json\/wp\/v2\/product\/9878","targetHints":{"allow":["GET"]}}],"collection":[{"href":"https:\/\/iseb.com.mx\/es\/wp-json\/wp\/v2\/product"}],"about":[{"href":"https:\/\/iseb.com.mx\/es\/wp-json\/wp\/v2\/types\/product"}],"replies":[{"embeddable":true,"href":"https:\/\/iseb.com.mx\/es\/wp-json\/wp\/v2\/comments?post=9878"}],"version-history":[{"count":1,"href":"https:\/\/iseb.com.mx\/es\/wp-json\/wp\/v2\/product\/9878\/revisions"}],"predecessor-version":[{"id":9880,"href":"https:\/\/iseb.com.mx\/es\/wp-json\/wp\/v2\/product\/9878\/revisions\/9880"}],"wp:featuredmedia":[{"embeddable":true,"href":"https:\/\/iseb.com.mx\/es\/wp-json\/wp\/v2\/media\/8832"}],"wp:attachment":[{"href":"https:\/\/iseb.com.mx\/es\/wp-json\/wp\/v2\/media?parent=9878"}],"wp:term":[{"taxonomy":"pwb-brand","embeddable":true,"href":"https:\/\/iseb.com.mx\/es\/wp-json\/wp\/v2\/pwb-brand?post=9878"},{"taxonomy":"product_brand","embeddable":true,"href":"https:\/\/iseb.com.mx\/es\/wp-json\/wp\/v2\/product_brand?post=9878"},{"taxonomy":"product_cat","embeddable":true,"href":"https:\/\/iseb.com.mx\/es\/wp-json\/wp\/v2\/product_cat?post=9878"},{"taxonomy":"product_tag","embeddable":true,"href":"https:\/\/iseb.com.mx\/es\/wp-json\/wp\/v2\/product_tag?post=9878"}],"curies":[{"name":"wp","href":"https:\/\/api.w.org\/{rel}","templated":true}]}}